{"id":806,"date":"2017-02-09T11:59:58","date_gmt":"2017-02-09T11:59:58","guid":{"rendered":"http:\/\/dummy.xtemos.com\/basel\/vers\/?page_id=806"},"modified":"2025-11-28T03:43:35","modified_gmt":"2025-11-28T06:43:35","slug":"contactarnos","status":"publish","type":"page","link":"https:\/\/en-hacore.com\/newshop\/contactarnos\/","title":{"rendered":"Cont\u00e1ctanos"},"content":{"rendered":"<p>[vc_row css=&#8221;.vc_custom_1535903818761{margin-top: -40px !important;margin-bottom: -40px !important;padding-top: 0px !important;background-color: #ffffff !important;background-position: center !important;background-repeat: no-repeat !important;background-size: contain !important;}&#8221;][vc_column width=&#8221;1\/2&#8243; basel_color_scheme=&#8221;dark&#8221; css=&#8221;.vc_custom_1591222162729{padding-top: 20px !important;padding-right: 60px !important;padding-bottom: 20px !important;padding-left: 60px !important;background-position: center !important;background-repeat: no-repeat !important;background-size: contain !important;}&#8221; offset=&#8221;vc_col-lg-6 vc_col-md-6&#8243;][vc_column_text]<\/p>\n<h1>Cont\u00e1ctanos<\/h1>\n<p><strong>Por cualquier consulta o mayor informaci\u00f3n, escr\u00edbenos o ll\u00e1manos a:<\/strong><\/p>\n<h4><img loading=\"lazy\" decoding=\"async\" src=\"https:\/\/en-hacore.com\/newshop\/envelope-regular.svg\" width=\"24\" height=\"23\" \/> <a href=\"mailto:info@en-hacore.com\"> info@en-hacore.com <\/a><\/h4>\n<h4><a href=\"https:\/\/api.whatsapp.com\/send?phone=5491161129920\" target=\"_blank\" rel=\"noopener noreferrer\"><i class=\"fa\" style=\"font-size: 25px;\">\uf232<\/i> +5411 61129920<\/a><\/h4>\n<h4><i class=\"fa fa-map-marker\" style=\"font-size: 25px;\"><\/i>\u00a0Emilio Lamarca 557<\/h4>\n<h4><i class=\"fa fa-map-marker\" style=\"font-size: 25px;\"><\/i><strong style=\"color: inherit; font-size: 1.25em;\">Atenci\u00f3n:<\/strong><\/h4>\n<h4>Lunes a Viernes de\u00a0 7:00 a 16:30 hs.<br \/>\nS\u00e1bados de 8:00 a 13:00 hs.<\/h4>\n<h2><\/h2>\n<h1>Enviar un mensaje:<\/h1>\n<p>[\/vc_column_text]<div role=\"form\" class=\"wpcf7\" id=\"wpcf7-f12-o1\" lang=\"es-AR\" dir=\"ltr\">\n<div class=\"screen-reader-response\"><p role=\"status\" aria-live=\"polite\" aria-atomic=\"true\"><\/p> <ul><\/ul><\/div>\n<form action=\"\/newshop\/wp-json\/wp\/v2\/pages\/806#wpcf7-f12-o1\" method=\"post\" class=\"wpcf7-form init\" novalidate=\"novalidate\" data-status=\"init\">\n<div style=\"display: none;\">\n<input type=\"hidden\" name=\"_wpcf7\" value=\"12\" \/>\n<input type=\"hidden\" name=\"_wpcf7_version\" value=\"5.3\" \/>\n<input type=\"hidden\" name=\"_wpcf7_locale\" value=\"es_AR\" \/>\n<input type=\"hidden\" name=\"_wpcf7_unit_tag\" value=\"wpcf7-f12-o1\" \/>\n<input type=\"hidden\" name=\"_wpcf7_container_post\" value=\"0\" \/>\n<input type=\"hidden\" name=\"_wpcf7_posted_data_hash\" value=\"\" \/>\n<\/div>\n<p><label><br \/>\n    <span class=\"wpcf7-form-control-wrap your-name\"><input type=\"text\" name=\"your-name\" value=\"Nombre y apellido\" size=\"40\" class=\"wpcf7-form-control wpcf7-text wpcf7-validates-as-required\" aria-required=\"true\" aria-invalid=\"false\" \/><\/span> <\/label><\/p>\n<p><label><br \/>\n    <span class=\"wpcf7-form-control-wrap your-email\"><input type=\"email\" name=\"your-email\" value=\"Correo electr\u00f3nico\" size=\"40\" class=\"wpcf7-form-control wpcf7-text wpcf7-email wpcf7-validates-as-required wpcf7-validates-as-email\" aria-required=\"true\" aria-invalid=\"false\" \/><\/span> <\/label><\/p>\n<p><label><br \/>\n    <span class=\"wpcf7-form-control-wrap telefono\"><input type=\"tel\" name=\"telefono\" value=\"N\u00famero de tel\u00e9fono\" size=\"40\" class=\"wpcf7-form-control wpcf7-text wpcf7-tel wpcf7-validates-as-tel\" aria-invalid=\"false\" \/><\/span> <\/label><\/p>\n<p><label><br \/>\n    <span class=\"wpcf7-form-control-wrap your-cuit\"><input type=\"text\" name=\"your-cuit\" value=\"CUIT\" size=\"40\" class=\"wpcf7-form-control wpcf7-text wpcf7-validates-as-required\" aria-required=\"true\" aria-invalid=\"false\" \/><\/span> <\/label><\/p>\n<p><label><br \/>\n    <span class=\"wpcf7-form-control-wrap your-message\"><textarea name=\"your-message\" cols=\"40\" rows=\"10\" class=\"wpcf7-form-control wpcf7-textarea wpcf7-validates-as-required\" aria-required=\"true\" aria-invalid=\"false\">\u00bfC\u00f3mo podemos ayudarte?<\/textarea><\/span> <\/label><\/p>\n<p><input type=\"submit\" value=\"Enviar\" class=\"wpcf7-form-control wpcf7-submit\" \/><\/p>\n<div class=\"wpcf7-response-output\" aria-hidden=\"true\"><\/div><\/form><\/div>[\/vc_column][vc_column width=&#8221;1\/2&#8243;][vc_single_image image=&#8221;18590&#8243; img_size=&#8221;large&#8221; alignment=&#8221;right&#8221; style=&#8221;vc_box_shadow&#8221; css_animation=&#8221;bounceInRight&#8221;][\/vc_column][\/vc_row]<\/p>\n","protected":false},"excerpt":{"rendered":"<p>[vc_row css=&#8221;.vc_custom_1535903818761{margin-top: -40px !important;margin-bottom: -40px !important;padding-top: 0px !important;background-color: #ffffff !important;background-position: center !important;background-repeat: no-repeat !important;background-size: contain !important;}&#8221;][vc_column width=&#8221;1\/2&#8243; basel_color_scheme=&#8221;dark&#8221; css=&#8221;.vc_custom_1591222162729{padding-top: 20px<\/p>\n","protected":false},"author":1,"featured_media":0,"parent":0,"menu_order":0,"comment_status":"closed","ping_status":"closed","template":"","meta":{"footnotes":""},"class_list":["post-806","page","type-page","status-publish","hentry"],"_links":{"self":[{"href":"https:\/\/en-hacore.com\/newshop\/wp-json\/wp\/v2\/pages\/806","targetHints":{"allow":["GET"]}}],"collection":[{"href":"https:\/\/en-hacore.com\/newshop\/wp-json\/wp\/v2\/pages"}],"about":[{"href":"https:\/\/en-hacore.com\/newshop\/wp-json\/wp\/v2\/types\/page"}],"author":[{"embeddable":true,"href":"https:\/\/en-hacore.com\/newshop\/wp-json\/wp\/v2\/users\/1"}],"replies":[{"embeddable":true,"href":"https:\/\/en-hacore.com\/newshop\/wp-json\/wp\/v2\/comments?post=806"}],"version-history":[{"count":46,"href":"https:\/\/en-hacore.com\/newshop\/wp-json\/wp\/v2\/pages\/806\/revisions"}],"predecessor-version":[{"id":18599,"href":"https:\/\/en-hacore.com\/newshop\/wp-json\/wp\/v2\/pages\/806\/revisions\/18599"}],"wp:attachment":[{"href":"https:\/\/en-hacore.com\/newshop\/wp-json\/wp\/v2\/media?parent=806"}],"curies":[{"name":"wp","href":"https:\/\/api.w.org\/{rel}","templated":true}]}}