{"id":1695,"date":"2018-09-02T18:58:12","date_gmt":"2018-09-02T21:58:12","guid":{"rendered":"http:\/\/kanakapi.com\/newshop\/?page_id=1695"},"modified":"2025-11-28T03:44:10","modified_gmt":"2025-11-28T06:44:10","slug":"terminos-y-condiciones","status":"publish","type":"page","link":"https:\/\/en-hacore.com\/newshop\/terminos-y-condiciones\/","title":{"rendered":"T\u00e9rminos y Condiciones"},"content":{"rendered":"<p>[vc_row css=&#8221;.vc_custom_1535918758312{margin-top: -130px !important;}&#8221;][vc_column][\/vc_column][\/vc_row][vc_row][vc_column width=&#8221;1\/4&#8243;][vc_column_text]<\/p>\n<h1 style=\"color: #888888;\"><strong>T\u00e9rminos y Condiciones<\/strong><\/h1>\n<p>[\/vc_column_text][\/vc_column][vc_column width=&#8221;3\/4&#8243;][vc_column_text css=&#8221;.vc_custom_1535925522436{margin-top: 30px !important;}&#8221;]Con la finalidad de mejorar la experiencia de navegaci\u00f3n de los usuarios de nuestro sitio web, la informaci\u00f3n sobre T\u00e9rminos y Condiciones puede ser hallada en las secciones correspondientes.[\/vc_column_text][\/vc_column][\/vc_row]<\/p>\n","protected":false},"excerpt":{"rendered":"<p>[vc_row css=&#8221;.vc_custom_1535918758312{margin-top: -130px !important;}&#8221;][vc_column][\/vc_column][\/vc_row][vc_row][vc_column width=&#8221;1\/4&#8243;][vc_column_text] T\u00e9rminos y Condiciones [\/vc_column_text][\/vc_column][vc_column width=&#8221;3\/4&#8243;][vc_column_text css=&#8221;.vc_custom_1535925522436{margin-top: 30px !important;}&#8221;]Con la finalidad de mejorar la experiencia de<\/p>\n","protected":false},"author":1,"featured_media":0,"parent":0,"menu_order":0,"comment_status":"closed","ping_status":"closed","template":"","meta":{"footnotes":""},"class_list":["post-1695","page","type-page","status-publish","hentry"],"_links":{"self":[{"href":"https:\/\/en-hacore.com\/newshop\/wp-json\/wp\/v2\/pages\/1695","targetHints":{"allow":["GET"]}}],"collection":[{"href":"https:\/\/en-hacore.com\/newshop\/wp-json\/wp\/v2\/pages"}],"about":[{"href":"https:\/\/en-hacore.com\/newshop\/wp-json\/wp\/v2\/types\/page"}],"author":[{"embeddable":true,"href":"https:\/\/en-hacore.com\/newshop\/wp-json\/wp\/v2\/users\/1"}],"replies":[{"embeddable":true,"href":"https:\/\/en-hacore.com\/newshop\/wp-json\/wp\/v2\/comments?post=1695"}],"version-history":[{"count":7,"href":"https:\/\/en-hacore.com\/newshop\/wp-json\/wp\/v2\/pages\/1695\/revisions"}],"predecessor-version":[{"id":18600,"href":"https:\/\/en-hacore.com\/newshop\/wp-json\/wp\/v2\/pages\/1695\/revisions\/18600"}],"wp:attachment":[{"href":"https:\/\/en-hacore.com\/newshop\/wp-json\/wp\/v2\/media?parent=1695"}],"curies":[{"name":"wp","href":"https:\/\/api.w.org\/{rel}","templated":true}]}}