{"id":1693,"date":"2018-09-02T18:55:22","date_gmt":"2018-09-02T21:55:22","guid":{"rendered":"http:\/\/kanakapi.com\/newshop\/?page_id=1693"},"modified":"2025-11-28T03:44:54","modified_gmt":"2025-11-28T06:44:54","slug":"preguntas-frecuentes","status":"publish","type":"page","link":"https:\/\/en-hacore.com\/newshop\/preguntas-frecuentes\/","title":{"rendered":"Preguntas frecuentes"},"content":{"rendered":"<p>[vc_row][vc_column width=&#8221;1\/4&#8243;][vc_column_text]<\/p>\n<h1 style=\"color: #888888;\"><strong>Preguntas frecuentes<\/strong><\/h1>\n<p>[\/vc_column_text][\/vc_column][vc_column width=&#8221;3\/4&#8243;][vc_column_text css=&#8221;.vc_custom_1692886340650{margin-top: 30px !important;}&#8221;]<strong>1 . \u00bfHay un monto m\u00ednimo para comprar?<\/strong><br \/>\nEl m\u00ednimo de compras en el local es de 3 prendas surtidas.<br \/>\nEl monto m\u00ednimo de pedidos online es de $250,000. &#8211;<\/p>\n<p><strong>2.\u00a0 \u00bfEn cu\u00e1nto tiempo arman un pedido?<\/strong><br \/>\nEl pedido se arma en menos de 48hs desde el mismo d\u00eda que el cliente realiza el pedido por nuestra web.<\/p>\n<p><strong>3.\u00a0 \u00bfDe cu\u00e1nto tiempo dispongo para pagar mi pedido?<\/strong><br \/>\nNuestros clientes cuentan con tres d\u00edas h\u00e1biles para realizar el pago, de no hacerlo, el pedido se cancela e invitamos a nuestros usuarios a realizar un nuevo pedido.<\/p>\n<p><strong>4. \u00bfCu\u00e1nto tiempo tardan en entregarme mi pedido?<\/strong><br \/>\nEl tiempo que tardamos en entregar un pedido depende de los siguientes factores:<\/p>\n<p>. Fecha en que se acredite el pago<br \/>\n. Medio de transporte elegido por el cliente<\/p>\n<p>Considerando las variables anteriores, en promedio tardamos de 2 a 7 d\u00edas h\u00e1biles.<\/p>\n<p><strong>5.\u00a0 \u00bfQu\u00e9 formas de pago aceptan?<\/strong><br \/>\nAceptamos tres formas de pago:<\/p>\n<p>a) Dep\u00f3sito<br \/>\nb) Transferencia<br \/>\nc) Pago en efectivo de forma personal<\/p>\n<p><strong>6. \u00bfRealizan env\u00edos?<\/strong><br \/>\nS\u00ed. Realizamos env\u00edos. Consultar por WhatsApp <a href=\"https:\/\/api.whatsapp.com\/send?phone=5491161129920\" target=\"_blank\" rel=\"noopener noreferrer\">+5411 61129920<\/a><\/p>\n<p><strong>7.\u00bfRealizan cambios o devoluciones?<\/strong><br \/>\nS\u00ed realizamos cambios, pero s\u00f3lo en caso de que el art\u00edculo tenga alg\u00fan defecto de fabricaci\u00f3n. No aceptamos devoluciones.<\/p>\n<p><strong>8.\u00bfCu\u00e1l es el horario de atenci\u00f3n?<\/strong><br \/>\nEn nuestros locales el horario de atenci\u00f3n es de Lunes a Viernes de 7:00 a 16:30 hs y s\u00e1bados de 8:00 a 13:00 hs.[\/vc_column_text][\/vc_column][\/vc_row]<\/p>\n","protected":false},"excerpt":{"rendered":"<p>[vc_row][vc_column width=&#8221;1\/4&#8243;][vc_column_text] Preguntas frecuentes [\/vc_column_text][\/vc_column][vc_column width=&#8221;3\/4&#8243;][vc_column_text css=&#8221;.vc_custom_1692886340650{margin-top: 30px !important;}&#8221;]1 . \u00bfHay un monto m\u00ednimo para comprar? El m\u00ednimo de compras<\/p>\n","protected":false},"author":1,"featured_media":0,"parent":0,"menu_order":0,"comment_status":"closed","ping_status":"closed","template":"","meta":{"footnotes":""},"class_list":["post-1693","page","type-page","status-publish","hentry"],"_links":{"self":[{"href":"https:\/\/en-hacore.com\/newshop\/wp-json\/wp\/v2\/pages\/1693","targetHints":{"allow":["GET"]}}],"collection":[{"href":"https:\/\/en-hacore.com\/newshop\/wp-json\/wp\/v2\/pages"}],"about":[{"href":"https:\/\/en-hacore.com\/newshop\/wp-json\/wp\/v2\/types\/page"}],"author":[{"embeddable":true,"href":"https:\/\/en-hacore.com\/newshop\/wp-json\/wp\/v2\/users\/1"}],"replies":[{"embeddable":true,"href":"https:\/\/en-hacore.com\/newshop\/wp-json\/wp\/v2\/comments?post=1693"}],"version-history":[{"count":21,"href":"https:\/\/en-hacore.com\/newshop\/wp-json\/wp\/v2\/pages\/1693\/revisions"}],"predecessor-version":[{"id":18602,"href":"https:\/\/en-hacore.com\/newshop\/wp-json\/wp\/v2\/pages\/1693\/revisions\/18602"}],"wp:attachment":[{"href":"https:\/\/en-hacore.com\/newshop\/wp-json\/wp\/v2\/media?parent=1693"}],"curies":[{"name":"wp","href":"https:\/\/api.w.org\/{rel}","templated":true}]}}