{"id":1690,"date":"2018-09-02T17:19:29","date_gmt":"2018-09-02T20:19:29","guid":{"rendered":"http:\/\/kanakapi.com\/newshop\/?page_id=1690"},"modified":"2025-11-28T03:44:27","modified_gmt":"2025-11-28T06:44:27","slug":"politica-de-privacidad","status":"publish","type":"page","link":"https:\/\/en-hacore.com\/newshop\/politica-de-privacidad\/","title":{"rendered":"Pol\u00edtica de privacidad"},"content":{"rendered":"<p>[vc_row css=&#8221;.vc_custom_1535918758312{margin-top: -130px !important;}&#8221;][vc_column][\/vc_column][\/vc_row][vc_row][vc_column width=&#8221;1\/4&#8243;][vc_column_text]<\/p>\n<h1 style=\"color: #888888;\"><strong>Pol\u00edtica de privacidad<\/strong><\/h1>\n<p>[\/vc_column_text][\/vc_column][vc_column width=&#8221;3\/4&#8243;][vc_column_text css=&#8221;.vc_custom_1591133904831{margin-top: 30px !important;}&#8221;]<strong>Nuestra declaraci\u00f3n<\/strong><\/p>\n<p>Los datos personales registrados por los usuarios de<strong> en-hacore.com<\/strong> ser\u00e1n manejados de forma estrictamente confidencial y acorde a lo establecido por la legislaci\u00f3n vigente. Bajo ninguna forma <strong>en-hacore.com<\/strong>\u00a0traspasar\u00e1 datos personales de los clientes registrados en nuestro sitio.<\/p>\n<p><strong>Nuestro compromiso<\/strong><\/p>\n<p><strong>en-hacore.com<\/strong> tiene el compromiso de realizar pr\u00e1cticas de negocios con \u00e9tica y profesionalismo.<\/p>\n<p><strong>Informaci\u00f3n requerida del usuario<\/strong><\/p>\n<p>Con el prop\u00f3sito de responder las consultas de nuestros clientes acerca de nuestros productos y servicios, y para mantenernos en contacto con ellos, solicitamos mediante el formulario de registro a los usuarios de nuestro sitio web los siguientes datos: nombre, cuit, direcci\u00f3n electr\u00f3nica, direcci\u00f3n f\u00edsica y n\u00famero telef\u00f3nico, mismos que bajo ninguna circunstancia compartimos con empresa alguna con la que no tenemos relaci\u00f3n.<\/p>\n<p><strong>Datos Personales<\/strong><\/p>\n<p>Conforme a la Ley N\u00ba 19.268 sobre protecci\u00f3n de datos de car\u00e1cter personal, nuestro usuario en todo momento puede ejercer su derecho de informaci\u00f3n, rectificaci\u00f3n, cancelaci\u00f3n o modificaci\u00f3n de datos personales, para hacerlo basta con enviar un e-mail a la casilla <a href=\"mailto:enhacore1911@gmail.com\">enhacore1911@gmail.com<\/a>.<\/p>\n<p><strong>Menores de Edad<\/strong><\/p>\n<p>Nuestros servicios est\u00e1n disponibles \u00fanicamente para personas con capacidad legal para contratar. Por lo que inhabilitados, menores de edad e incapaces, deber\u00e1n suministrar informaci\u00f3n personal a trav\u00e9s de la autorizaci\u00f3n judicial, de sus padres, tutores o curadores, quienes ser\u00e1n responsables por el uso del sitio web, es decir, cargos, facturaciones o da\u00f1os que se deriven de dicho uso.[\/vc_column_text][\/vc_column][\/vc_row]<\/p>\n","protected":false},"excerpt":{"rendered":"<p>[vc_row css=&#8221;.vc_custom_1535918758312{margin-top: -130px !important;}&#8221;][vc_column][\/vc_column][\/vc_row][vc_row][vc_column width=&#8221;1\/4&#8243;][vc_column_text] Pol\u00edtica de privacidad [\/vc_column_text][\/vc_column][vc_column width=&#8221;3\/4&#8243;][vc_column_text css=&#8221;.vc_custom_1591133904831{margin-top: 30px !important;}&#8221;]Nuestra declaraci\u00f3n Los datos personales registrados por los<\/p>\n","protected":false},"author":1,"featured_media":0,"parent":0,"menu_order":0,"comment_status":"closed","ping_status":"closed","template":"","meta":{"footnotes":""},"class_list":["post-1690","page","type-page","status-publish","hentry"],"_links":{"self":[{"href":"https:\/\/en-hacore.com\/newshop\/wp-json\/wp\/v2\/pages\/1690","targetHints":{"allow":["GET"]}}],"collection":[{"href":"https:\/\/en-hacore.com\/newshop\/wp-json\/wp\/v2\/pages"}],"about":[{"href":"https:\/\/en-hacore.com\/newshop\/wp-json\/wp\/v2\/types\/page"}],"author":[{"embeddable":true,"href":"https:\/\/en-hacore.com\/newshop\/wp-json\/wp\/v2\/users\/1"}],"replies":[{"embeddable":true,"href":"https:\/\/en-hacore.com\/newshop\/wp-json\/wp\/v2\/comments?post=1690"}],"version-history":[{"count":13,"href":"https:\/\/en-hacore.com\/newshop\/wp-json\/wp\/v2\/pages\/1690\/revisions"}],"predecessor-version":[{"id":18601,"href":"https:\/\/en-hacore.com\/newshop\/wp-json\/wp\/v2\/pages\/1690\/revisions\/18601"}],"wp:attachment":[{"href":"https:\/\/en-hacore.com\/newshop\/wp-json\/wp\/v2\/media?parent=1690"}],"curies":[{"name":"wp","href":"https:\/\/api.w.org\/{rel}","templated":true}]}}