{"id":1684,"date":"2018-09-02T17:06:56","date_gmt":"2018-09-02T20:06:56","guid":{"rendered":"http:\/\/kanakapi.com\/newshop\/?page_id=1684"},"modified":"2025-11-28T03:45:20","modified_gmt":"2025-11-28T06:45:20","slug":"envios","status":"publish","type":"page","link":"https:\/\/en-hacore.com\/newshop\/envios\/","title":{"rendered":"Env\u00edos"},"content":{"rendered":"<p>[vc_row][vc_column width=&#8221;1\/4&#8243;][vc_column_text]<\/p>\n<h1 style=\"color: #888888;\"><strong>Env\u00edos<\/strong><\/h1>\n<p>[\/vc_column_text][\/vc_column][vc_column width=&#8221;3\/4&#8243;][vc_column_text css_animation=&#8221;fadeInLeftBig&#8221; css=&#8221;.vc_custom_1764311138564{margin-top: 30px !important;}&#8221;]Al momento de finalizar la compra online, nuestros clientes eligen el medio de transporte para hacer el env\u00edo.<\/p>\n<p>Para continuar con el proceso de env\u00edo, una vez que el consumidor realice la solicitud de nuestros productos, el \u00e1rea de atenci\u00f3n al cliente de en-hacore.com se contactar\u00e1 con \u00e9l para acordar la entrega del pedido, ya que las ventas de en-hacore.com tienen env\u00edos s\u00f3lo al interior.<\/p>\n<p>Si el cliente elige retirar en la tienda, puede hacerlo en nuestra sucursal Emilio Lamarca 557 CABA., de lunes a viernes de 7:00 a 16:30 hs o bien en s\u00e1bado de 8:00 a 13:00 hs.<\/p>\n<p>Si el cliente opta por recibir el pedido, los costos del Expreso\/Transporte corren a cargo del comprador. El costo de env\u00edo es calculado por el transporte, considerando las variables de distancia, peso y volumen de la mercader\u00eda.<\/p>\n<p><span style=\"font-size: inherit;\">Habitualmente hacemos el despacho al d\u00eda siguiente de haberse verificado la acreditaci\u00f3n.<\/span>[\/vc_column_text][\/vc_column][\/vc_row][vc_row][vc_column][vc_column_text]<\/span>[\/vc_column_text][\/vc_column][\/vc_row]<\/p>\n","protected":false},"excerpt":{"rendered":"<p>[vc_row][vc_column width=&#8221;1\/4&#8243;][vc_column_text] Env\u00edos [\/vc_column_text][\/vc_column][vc_column width=&#8221;3\/4&#8243;][vc_column_text css_animation=&#8221;fadeInLeftBig&#8221; css=&#8221;.vc_custom_1764311138564{margin-top: 30px !important;}&#8221;]Al momento de finalizar la compra online, nuestros clientes eligen el medio<\/p>\n","protected":false},"author":1,"featured_media":0,"parent":0,"menu_order":0,"comment_status":"closed","ping_status":"closed","template":"","meta":{"footnotes":""},"class_list":["post-1684","page","type-page","status-publish","hentry"],"_links":{"self":[{"href":"https:\/\/en-hacore.com\/newshop\/wp-json\/wp\/v2\/pages\/1684","targetHints":{"allow":["GET"]}}],"collection":[{"href":"https:\/\/en-hacore.com\/newshop\/wp-json\/wp\/v2\/pages"}],"about":[{"href":"https:\/\/en-hacore.com\/newshop\/wp-json\/wp\/v2\/types\/page"}],"author":[{"embeddable":true,"href":"https:\/\/en-hacore.com\/newshop\/wp-json\/wp\/v2\/users\/1"}],"replies":[{"embeddable":true,"href":"https:\/\/en-hacore.com\/newshop\/wp-json\/wp\/v2\/comments?post=1684"}],"version-history":[{"count":22,"href":"https:\/\/en-hacore.com\/newshop\/wp-json\/wp\/v2\/pages\/1684\/revisions"}],"predecessor-version":[{"id":18603,"href":"https:\/\/en-hacore.com\/newshop\/wp-json\/wp\/v2\/pages\/1684\/revisions\/18603"}],"wp:attachment":[{"href":"https:\/\/en-hacore.com\/newshop\/wp-json\/wp\/v2\/media?parent=1684"}],"curies":[{"name":"wp","href":"https:\/\/api.w.org\/{rel}","templated":true}]}}