{"id":1671,"date":"2018-09-02T16:49:35","date_gmt":"2018-09-02T19:49:35","guid":{"rendered":"http:\/\/kanakapi.com\/newshop\/?page_id=1671"},"modified":"2025-11-28T03:45:53","modified_gmt":"2025-11-28T06:45:53","slug":"metodos-de-pago","status":"publish","type":"page","link":"https:\/\/en-hacore.com\/newshop\/metodos-de-pago\/","title":{"rendered":"M\u00e9todos de pago"},"content":{"rendered":"<p>[vc_row][vc_column width=&#8221;1\/4&#8243;][vc_column_text basel_color_scheme=&#8221;dark&#8221;]<\/p>\n<h1 style=\"color: #888888;\"><strong>M\u00e9todos de pago<\/strong><\/h1>\n<p>[\/vc_column_text][\/vc_column][vc_column width=&#8221;3\/4&#8243;][vc_column_text css=&#8221;.vc_custom_1591134904220{margin-top: 30px !important;}&#8221;]Una vez env\u00ede su pedido, personal de nuestra \u00e1rea de atenci\u00f3n al cliente le contactar\u00e1 para confirmar el stock y monto a pagar.<\/p>\n<p>Todos los precios publicados son en pesos argentinos y no incluyen IVA. Los pagos pueden realizarse mediante <strong>dep\u00f3sito, transferencia bancaria o en efectivo de forma presencial<\/strong>.<\/p>\n<p>Si su opci\u00f3n de pago es mediante dep\u00f3sito o transferencia, una vez que se confirme el stock se le enviar\u00e1n los datos de la cuenta bancaria para realizar la operaci\u00f3n.<\/p>\n<p>Mantenemos los pedidos empaquetados y listos para la entrega o env\u00edo s\u00f3lo durante tres d\u00edas h\u00e1biles, contados a partir de la fecha en que el cliente es notificado del monto a pagar.[\/vc_column_text][\/vc_column][\/vc_row]<\/p>\n","protected":false},"excerpt":{"rendered":"<p>[vc_row][vc_column width=&#8221;1\/4&#8243;][vc_column_text basel_color_scheme=&#8221;dark&#8221;] M\u00e9todos de pago [\/vc_column_text][\/vc_column][vc_column width=&#8221;3\/4&#8243;][vc_column_text css=&#8221;.vc_custom_1591134904220{margin-top: 30px !important;}&#8221;]Una vez env\u00ede su pedido, personal de nuestra \u00e1rea de<\/p>\n","protected":false},"author":1,"featured_media":0,"parent":0,"menu_order":0,"comment_status":"closed","ping_status":"closed","template":"","meta":{"footnotes":""},"class_list":["post-1671","page","type-page","status-publish","hentry"],"_links":{"self":[{"href":"https:\/\/en-hacore.com\/newshop\/wp-json\/wp\/v2\/pages\/1671","targetHints":{"allow":["GET"]}}],"collection":[{"href":"https:\/\/en-hacore.com\/newshop\/wp-json\/wp\/v2\/pages"}],"about":[{"href":"https:\/\/en-hacore.com\/newshop\/wp-json\/wp\/v2\/types\/page"}],"author":[{"embeddable":true,"href":"https:\/\/en-hacore.com\/newshop\/wp-json\/wp\/v2\/users\/1"}],"replies":[{"embeddable":true,"href":"https:\/\/en-hacore.com\/newshop\/wp-json\/wp\/v2\/comments?post=1671"}],"version-history":[{"count":22,"href":"https:\/\/en-hacore.com\/newshop\/wp-json\/wp\/v2\/pages\/1671\/revisions"}],"predecessor-version":[{"id":18605,"href":"https:\/\/en-hacore.com\/newshop\/wp-json\/wp\/v2\/pages\/1671\/revisions\/18605"}],"wp:attachment":[{"href":"https:\/\/en-hacore.com\/newshop\/wp-json\/wp\/v2\/media?parent=1671"}],"curies":[{"name":"wp","href":"https:\/\/api.w.org\/{rel}","templated":true}]}}